{"id":312,"date":"2023-03-31T09:47:26","date_gmt":"2023-03-31T09:47:26","guid":{"rendered":"https:\/\/192.168.100.46:8988\/?page_id=312"},"modified":"2023-11-13T15:46:00","modified_gmt":"2023-11-13T15:46:00","slug":"sostenibilidad","status":"publish","type":"page","link":"https:\/\/exem-olt.eu\/ca\/sostenibilidad\/","title":{"rendered":"Sostenibilitat"},"content":{"rendered":"<div data-elementor-type=\"wp-page\" data-elementor-id=\"312\" class=\"elementor elementor-312\" data-elementor-post-type=\"page\">\n\t\t\t\t\t\t<section class=\"elementor-section elementor-top-section elementor-element elementor-element-3de78a1 elementor-section-content-middle elementor-reverse-mobile elementor-section-boxed elementor-section-height-default elementor-section-height-default\" data-id=\"3de78a1\" data-element_type=\"section\">\n\t\t\t\t\t\t\t<div class=\"elementor-background-overlay\"><\/div>\n\t\t\t\t\t\t\t<div class=\"elementor-container elementor-column-gap-no\">\n\t\t\t\t\t<div class=\"elementor-column elementor-col-100 elementor-top-column elementor-element elementor-element-13b2c99\" data-id=\"13b2c99\" data-element_type=\"column\">\n\t\t\t<div class=\"elementor-widget-wrap elementor-element-populated\">\n\t\t\t\t\t\t<div class=\"elementor-element elementor-element-96e132e elementor-widget elementor-widget-spacer\" data-id=\"96e132e\" data-element_type=\"widget\" data-widget_type=\"spacer.default\">\n\t\t\t\t<div class=\"elementor-widget-container\">\n\t\t\t<style>\/*! elementor - v3.20.0 - 11-03-2024 *\/\n.elementor-column .elementor-spacer-inner{height:var(--spacer-size)}.e-con{--container-widget-width:100%}.e-con-inner>.elementor-widget-spacer,.e-con>.elementor-widget-spacer{width:var(--container-widget-width,var(--spacer-size));--align-self:var(--container-widget-align-self,initial);--flex-shrink:0}.e-con-inner>.elementor-widget-spacer>.elementor-widget-container,.e-con>.elementor-widget-spacer>.elementor-widget-container{height:100%;width:100%}.e-con-inner>.elementor-widget-spacer>.elementor-widget-container>.elementor-spacer,.e-con>.elementor-widget-spacer>.elementor-widget-container>.elementor-spacer{height:100%}.e-con-inner>.elementor-widget-spacer>.elementor-widget-container>.elementor-spacer>.elementor-spacer-inner,.e-con>.elementor-widget-spacer>.elementor-widget-container>.elementor-spacer>.elementor-spacer-inner{height:var(--container-widget-height,var(--spacer-size))}.e-con-inner>.elementor-widget-spacer.elementor-widget-empty,.e-con>.elementor-widget-spacer.elementor-widget-empty{position:relative;min-height:22px;min-width:22px}.e-con-inner>.elementor-widget-spacer.elementor-widget-empty .elementor-widget-empty-icon,.e-con>.elementor-widget-spacer.elementor-widget-empty .elementor-widget-empty-icon{position:absolute;top:0;bottom:0;left:0;right:0;margin:auto;padding:0;width:22px;height:22px}<\/style>\t\t<div class=\"elementor-spacer\">\n\t\t\t<div class=\"elementor-spacer-inner\"><\/div>\n\t\t<\/div>\n\t\t\t\t<\/div>\n\t\t\t\t<\/div>\n\t\t\t\t<div class=\"elementor-element elementor-element-c122e70 elementor-widget__width-initial elementor-widget elementor-widget-heading\" data-id=\"c122e70\" data-element_type=\"widget\" data-widget_type=\"heading.default\">\n\t\t\t\t<div class=\"elementor-widget-container\">\n\t\t\t<style>\/*! elementor - v3.20.0 - 11-03-2024 *\/\n.elementor-heading-title{padding:0;margin:0;line-height:1}.elementor-widget-heading .elementor-heading-title[class*=elementor-size-]>a{color:inherit;font-size:inherit;line-height:inherit}.elementor-widget-heading .elementor-heading-title.elementor-size-small{font-size:15px}.elementor-widget-heading .elementor-heading-title.elementor-size-medium{font-size:19px}.elementor-widget-heading .elementor-heading-title.elementor-size-large{font-size:29px}.elementor-widget-heading .elementor-heading-title.elementor-size-xl{font-size:39px}.elementor-widget-heading .elementor-heading-title.elementor-size-xxl{font-size:59px}<\/style><h4 class=\"elementor-heading-title elementor-size-default\">COMPROMISO CON EL MEDIO AMBIENTE<\/h4>\t\t<\/div>\n\t\t\t\t<\/div>\n\t\t\t\t\t<\/div>\n\t\t<\/div>\n\t\t\t\t\t<\/div>\n\t\t<\/section>\n\t\t\t\t<section class=\"elementor-section elementor-top-section elementor-element elementor-element-507793eb elementor-section-content-middle elementor-section-boxed elementor-section-height-default elementor-section-height-default\" data-id=\"507793eb\" data-element_type=\"section\">\n\t\t\t\t\t\t<div class=\"elementor-container elementor-column-gap-no\">\n\t\t\t\t\t<div class=\"elementor-column elementor-col-50 elementor-top-column elementor-element elementor-element-1e8ad5c1 elementor-invisible\" data-id=\"1e8ad5c1\" data-element_type=\"column\" data-settings=\"{&quot;animation&quot;:&quot;fadeInLeft&quot;}\">\n\t\t\t<div class=\"elementor-widget-wrap elementor-element-populated\">\n\t\t\t\t\t\t<div class=\"elementor-element elementor-element-4fa02ab9 elementor-widget__width-initial elementor-widget-mobile__width-initial elementor-widget-tablet__width-initial elementor-widget elementor-widget-spacer\" data-id=\"4fa02ab9\" data-element_type=\"widget\" data-widget_type=\"spacer.default\">\n\t\t\t\t<div class=\"elementor-widget-container\">\n\t\t\t\t\t<div class=\"elementor-spacer\">\n\t\t\t<div class=\"elementor-spacer-inner\"><\/div>\n\t\t<\/div>\n\t\t\t\t<\/div>\n\t\t\t\t<\/div>\n\t\t\t\t<div class=\"elementor-element elementor-element-3d8c53e3 elementor-widget elementor-widget-image\" data-id=\"3d8c53e3\" data-element_type=\"widget\" data-widget_type=\"image.default\">\n\t\t\t\t<div class=\"elementor-widget-container\">\n\t\t\t<style>\/*! elementor - v3.20.0 - 11-03-2024 *\/\n.elementor-widget-image{text-align:center}.elementor-widget-image a{display:inline-block}.elementor-widget-image a img[src$=\".svg\"]{width:48px}.elementor-widget-image img{vertical-align:middle;display:inline-block}<\/style>\t\t\t\t\t\t\t\t\t\t<img fetchpriority=\"high\" decoding=\"async\" width=\"800\" height=\"800\" src=\"https:\/\/exem-olt.eu\/wp-content\/uploads\/2023\/07\/5-2-1024x1024.png\" class=\"attachment-large size-large wp-image-936\" alt=\"\" srcset=\"https:\/\/exem-olt.eu\/wp-content\/uploads\/2023\/07\/5-2-1024x1024.png 1024w, https:\/\/exem-olt.eu\/wp-content\/uploads\/2023\/07\/5-2-300x300.png 300w, https:\/\/exem-olt.eu\/wp-content\/uploads\/2023\/07\/5-2-150x150.png 150w, https:\/\/exem-olt.eu\/wp-content\/uploads\/2023\/07\/5-2-768x768.png 768w, https:\/\/exem-olt.eu\/wp-content\/uploads\/2023\/07\/5-2.png 1080w\" sizes=\"(max-width: 800px) 100vw, 800px\" \/>\t\t\t\t\t\t\t\t\t\t\t\t\t<\/div>\n\t\t\t\t<\/div>\n\t\t\t\t\t<\/div>\n\t\t<\/div>\n\t\t\t\t<div class=\"elementor-column elementor-col-50 elementor-top-column elementor-element elementor-element-72f3437e\" data-id=\"72f3437e\" data-element_type=\"column\">\n\t\t\t<div class=\"elementor-widget-wrap elementor-element-populated\">\n\t\t\t\t\t\t<div class=\"elementor-element elementor-element-355265ca elementor-widget elementor-widget-text-editor\" data-id=\"355265ca\" data-element_type=\"widget\" data-widget_type=\"text-editor.default\">\n\t\t\t\t<div class=\"elementor-widget-container\">\n\t\t\t<style>\/*! elementor - v3.20.0 - 11-03-2024 *\/\n.elementor-widget-text-editor.elementor-drop-cap-view-stacked .elementor-drop-cap{background-color:#69727d;color:#fff}.elementor-widget-text-editor.elementor-drop-cap-view-framed .elementor-drop-cap{color:#69727d;border:3px solid;background-color:transparent}.elementor-widget-text-editor:not(.elementor-drop-cap-view-default) .elementor-drop-cap{margin-top:8px}.elementor-widget-text-editor:not(.elementor-drop-cap-view-default) .elementor-drop-cap-letter{width:1em;height:1em}.elementor-widget-text-editor .elementor-drop-cap{float:left;text-align:center;line-height:1;font-size:50px}.elementor-widget-text-editor .elementor-drop-cap-letter{display:inline-block}<\/style>\t\t\t\t<p><strong>La sostenibilitat \u00e9s un tema crucial en el m\u00f3n actual<\/strong> a causa de la preocupant situaci\u00f3 mediambiental que enfrontem. <strong>L'Agenda 2030<\/strong> de les Nacions Unides estableix 17 objectius de desenvolupament sostenible que han de ser aconseguits per a aconseguir un futur m\u00e9s equitatiu i just per a tots, mentre es <strong>protegeix el medi ambient.<\/strong><\/p><p>A <strong>EXEM<\/strong>, comprenem que les nostres accions empresarials tenen un impacte en la societat i el medi ambient. Per aix\u00f2, hem adoptat la sostenibilitat com un dels nostres valors fonamentals. La sostenibilitat no \u00e9s una tend\u00e8ncia per a nosaltres, \u00e9s una filosofia que abracem amb dedicaci\u00f3 i comprom\u00eds.<\/p>\t\t\t\t\t\t<\/div>\n\t\t\t\t<\/div>\n\t\t\t\t\t<\/div>\n\t\t<\/div>\n\t\t\t\t\t<\/div>\n\t\t<\/section>\n\t\t\t\t<section class=\"elementor-section elementor-top-section elementor-element elementor-element-6702db38 elementor-section-content-middle elementor-reverse-tablet elementor-reverse-mobile elementor-section-boxed elementor-section-height-default elementor-section-height-default\" data-id=\"6702db38\" data-element_type=\"section\" data-settings=\"{&quot;background_background&quot;:&quot;classic&quot;}\">\n\t\t\t\t\t\t\t<div class=\"elementor-background-overlay\"><\/div>\n\t\t\t\t\t\t\t<div class=\"elementor-container elementor-column-gap-default\">\n\t\t\t\t\t<div class=\"elementor-column elementor-col-50 elementor-top-column elementor-element elementor-element-5fd1e5cd\" data-id=\"5fd1e5cd\" data-element_type=\"column\">\n\t\t\t<div class=\"elementor-widget-wrap elementor-element-populated\">\n\t\t\t\t\t\t<section class=\"elementor-section elementor-inner-section elementor-element elementor-element-7736d157 elementor-section-boxed elementor-section-height-default elementor-section-height-default elementor-invisible\" data-id=\"7736d157\" data-element_type=\"section\" data-settings=\"{&quot;animation&quot;:&quot;fadeIn&quot;}\">\n\t\t\t\t\t\t<div class=\"elementor-container elementor-column-gap-default\">\n\t\t\t\t\t<div class=\"elementor-column elementor-col-100 elementor-inner-column elementor-element elementor-element-788f5043\" data-id=\"788f5043\" data-element_type=\"column\" data-settings=\"{&quot;background_background&quot;:&quot;classic&quot;}\">\n\t\t\t<div class=\"elementor-widget-wrap elementor-element-populated\">\n\t\t\t\t\t\t<div class=\"elementor-element elementor-element-bc68c0 elementor-widget elementor-widget-text-editor\" data-id=\"bc68c0\" data-element_type=\"widget\" data-widget_type=\"text-editor.default\">\n\t\t\t\t<div class=\"elementor-widget-container\">\n\t\t\t\t\t\t\t<p>Ens hem comprom\u00e8s a ser part de la cadena de subministrament, sense oblidar els elements clau en mat\u00e8ria de sostenibilitat. <strong>Estem compromesos a minimitzar el nostre impacte en el medi ambient i promoure pr\u00e0ctiques sostenibles en tota la cadena de subministrament.<\/strong><\/p>\t\t\t\t\t\t<\/div>\n\t\t\t\t<\/div>\n\t\t\t\t\t<\/div>\n\t\t<\/div>\n\t\t\t\t\t<\/div>\n\t\t<\/section>\n\t\t\t\t<div class=\"elementor-element elementor-element-1ac829aa elementor-widget__width-initial elementor-absolute elementor-hidden-mobile elementor-widget elementor-widget-spacer\" data-id=\"1ac829aa\" data-element_type=\"widget\" data-settings=\"{&quot;_position&quot;:&quot;absolute&quot;}\" data-widget_type=\"spacer.default\">\n\t\t\t\t<div class=\"elementor-widget-container\">\n\t\t\t\t\t<div class=\"elementor-spacer\">\n\t\t\t<div class=\"elementor-spacer-inner\"><\/div>\n\t\t<\/div>\n\t\t\t\t<\/div>\n\t\t\t\t<\/div>\n\t\t\t\t\t<\/div>\n\t\t<\/div>\n\t\t\t\t<div class=\"elementor-column elementor-col-50 elementor-top-column elementor-element elementor-element-81db645\" data-id=\"81db645\" data-element_type=\"column\">\n\t\t\t<div class=\"elementor-widget-wrap elementor-element-populated\">\n\t\t\t\t\t\t<div class=\"elementor-element elementor-element-2f886206 elementor-widget elementor-widget-image\" data-id=\"2f886206\" data-element_type=\"widget\" data-widget_type=\"image.default\">\n\t\t\t\t<div class=\"elementor-widget-container\">\n\t\t\t\t\t\t\t\t\t\t\t\t\t<img decoding=\"async\" width=\"1080\" height=\"1080\" src=\"https:\/\/exem-olt.eu\/wp-content\/uploads\/2023\/07\/6-2.png\" class=\"attachment-full size-full wp-image-937\" alt=\"\" srcset=\"https:\/\/exem-olt.eu\/wp-content\/uploads\/2023\/07\/6-2.png 1080w, https:\/\/exem-olt.eu\/wp-content\/uploads\/2023\/07\/6-2-300x300.png 300w, https:\/\/exem-olt.eu\/wp-content\/uploads\/2023\/07\/6-2-1024x1024.png 1024w, https:\/\/exem-olt.eu\/wp-content\/uploads\/2023\/07\/6-2-150x150.png 150w, https:\/\/exem-olt.eu\/wp-content\/uploads\/2023\/07\/6-2-768x768.png 768w\" sizes=\"(max-width: 1080px) 100vw, 1080px\" \/>\t\t\t\t\t\t\t\t\t\t\t\t\t<\/div>\n\t\t\t\t<\/div>\n\t\t\t\t\t<\/div>\n\t\t<\/div>\n\t\t\t\t\t<\/div>\n\t\t<\/section>\n\t\t\t\t<section class=\"elementor-section elementor-top-section elementor-element elementor-element-834713f elementor-section-content-middle elementor-section-boxed elementor-section-height-default elementor-section-height-default\" data-id=\"834713f\" data-element_type=\"section\">\n\t\t\t\t\t\t<div class=\"elementor-container elementor-column-gap-no\">\n\t\t\t\t\t<div class=\"elementor-column elementor-col-50 elementor-top-column elementor-element elementor-element-c936cc9 elementor-invisible\" data-id=\"c936cc9\" data-element_type=\"column\" data-settings=\"{&quot;animation&quot;:&quot;fadeInLeft&quot;}\">\n\t\t\t<div class=\"elementor-widget-wrap elementor-element-populated\">\n\t\t\t\t\t\t<div class=\"elementor-element elementor-element-b7689bf elementor-widget__width-initial elementor-widget-mobile__width-initial elementor-widget-tablet__width-initial elementor-widget elementor-widget-spacer\" data-id=\"b7689bf\" data-element_type=\"widget\" data-widget_type=\"spacer.default\">\n\t\t\t\t<div class=\"elementor-widget-container\">\n\t\t\t\t\t<div class=\"elementor-spacer\">\n\t\t\t<div class=\"elementor-spacer-inner\"><\/div>\n\t\t<\/div>\n\t\t\t\t<\/div>\n\t\t\t\t<\/div>\n\t\t\t\t<div class=\"elementor-element elementor-element-37a6349 elementor-widget elementor-widget-image\" data-id=\"37a6349\" data-element_type=\"widget\" data-widget_type=\"image.default\">\n\t\t\t\t<div class=\"elementor-widget-container\">\n\t\t\t\t\t\t\t\t\t\t\t\t\t<img decoding=\"async\" width=\"800\" height=\"800\" src=\"https:\/\/exem-olt.eu\/wp-content\/uploads\/2023\/07\/4-2-1024x1024.png\" class=\"attachment-large size-large wp-image-935\" alt=\"\" srcset=\"https:\/\/exem-olt.eu\/wp-content\/uploads\/2023\/07\/4-2-1024x1024.png 1024w, https:\/\/exem-olt.eu\/wp-content\/uploads\/2023\/07\/4-2-300x300.png 300w, https:\/\/exem-olt.eu\/wp-content\/uploads\/2023\/07\/4-2-150x150.png 150w, https:\/\/exem-olt.eu\/wp-content\/uploads\/2023\/07\/4-2-768x768.png 768w, https:\/\/exem-olt.eu\/wp-content\/uploads\/2023\/07\/4-2.png 1080w\" sizes=\"(max-width: 800px) 100vw, 800px\" \/>\t\t\t\t\t\t\t\t\t\t\t\t\t<\/div>\n\t\t\t\t<\/div>\n\t\t\t\t\t<\/div>\n\t\t<\/div>\n\t\t\t\t<div class=\"elementor-column elementor-col-50 elementor-top-column elementor-element elementor-element-93cc142\" data-id=\"93cc142\" data-element_type=\"column\">\n\t\t\t<div class=\"elementor-widget-wrap elementor-element-populated\">\n\t\t\t\t\t\t<div class=\"elementor-element elementor-element-de777ef elementor-widget elementor-widget-text-editor\" data-id=\"de777ef\" data-element_type=\"widget\" data-widget_type=\"text-editor.default\">\n\t\t\t\t<div class=\"elementor-widget-container\">\n\t\t\t\t\t\t\t<p>A m\u00e9s, estem compromesos amb l'educaci\u00f3 i sensibilitzaci\u00f3 sobre la sostenibilitat en les nostres comunitats. A trav\u00e9s d'iniciatives de <strong>Responsabilitat Social Empresarial,<\/strong> oferim programes de capacitaci\u00f3 i concientizaci\u00f3 per als nostres empleats, clients i prove\u00efdors. El nostre objectiu \u00e9s accelerar la transici\u00f3 cap a un model sostenible per al planeta i les generacions futures.<\/p><p>En resum, per <strong>EXEM<\/strong>, la sostenibilitat \u00e9s un pilar fonamental en <strong>la nostra filosofia i \u00e8tica empresarial<\/strong>. Estem compromesos a ser un exemple de pr\u00e0ctiques sostenibles en tota la cadena de subministrament, mentre promovem l'educaci\u00f3 i concientizaci\u00f3 en les nostres comunitats. La sostenibilitat \u00e9s una fita que abracem amb dedicaci\u00f3 i comprom\u00eds, per a assegurar-nos que les nostres accions empresarials contribueixin a la construcci\u00f3 d'un futur m\u00e9s just i sostenible per a tots.<\/p>\t\t\t\t\t\t<\/div>\n\t\t\t\t<\/div>\n\t\t\t\t\t<\/div>\n\t\t<\/div>\n\t\t\t\t\t<\/div>\n\t\t<\/section>\n\t\t\t\t<\/div>","protected":false},"excerpt":{"rendered":"<p>COMPROMISO CON EL MEDIO AMBIENTE La sostenibilidad es un tema crucial en el mundo actual debido a la preocupante situaci\u00f3n medioambiental que enfrentamos. La Agenda 2030 de las Naciones Unidas establece 17 objetivos de desarrollo sostenible que deben ser alcanzados para lograr un futuro m\u00e1s equitativo y justo para todos, mientras se protege el medio [&hellip;]<\/p>","protected":false},"author":1,"featured_media":0,"parent":0,"menu_order":0,"comment_status":"closed","ping_status":"closed","template":"","meta":{"footnotes":""},"class_list":["post-312","page","type-page","status-publish","hentry"],"yoast_head":"<!-- This site is optimized with the Yoast SEO plugin v22.6 - https:\/\/yoast.com\/wordpress\/plugins\/seo\/ -->\n<title>Sostenibilidad - EXEM<\/title>\n<meta name=\"description\" content=\"Apostamos por una cadena de suministro sostenible ya que es un pilar fundamental de nuestra filosof\u00eda y \u00e9tica empresarial.\" \/>\n<meta name=\"robots\" content=\"index, follow, max-snippet:-1, max-image-preview:large, max-video-preview:-1\" \/>\n<link rel=\"canonical\" href=\"https:\/\/exem-olt.eu\/ca\/sostenibilidad\/\" \/>\n<meta property=\"og:locale\" content=\"ca_ES\" \/>\n<meta property=\"og:type\" content=\"article\" \/>\n<meta property=\"og:title\" content=\"Sostenibilidad - EXEM\" \/>\n<meta property=\"og:description\" content=\"Apostamos por una cadena de suministro sostenible ya que es un pilar fundamental de nuestra filosof\u00eda y \u00e9tica empresarial.\" \/>\n<meta property=\"og:url\" content=\"https:\/\/exem-olt.eu\/ca\/sostenibilidad\/\" \/>\n<meta property=\"og:site_name\" content=\"EXEM\" \/>\n<meta property=\"article:modified_time\" content=\"2023-11-13T15:46:00+00:00\" \/>\n<meta property=\"og:image\" content=\"https:\/\/192.168.100.46:8988\/wp-content\/uploads\/2023\/07\/5-2-1024x1024.png\" \/>\n<meta name=\"twitter:card\" content=\"summary_large_image\" \/>\n<meta name=\"twitter:label1\" content=\"Temps estimat de lectura\" \/>\n\t<meta name=\"twitter:data1\" content=\"2 minuts\" \/>\n<script type=\"application\/ld+json\" class=\"yoast-schema-graph\">{\"@context\":\"https:\/\/schema.org\",\"@graph\":[{\"@type\":\"WebPage\",\"@id\":\"https:\/\/exem-olt.eu\/sostenibilidad\/\",\"url\":\"https:\/\/exem-olt.eu\/sostenibilidad\/\",\"name\":\"Sostenibilidad - EXEM\",\"isPartOf\":{\"@id\":\"https:\/\/exem-olt.eu\/#website\"},\"primaryImageOfPage\":{\"@id\":\"https:\/\/exem-olt.eu\/sostenibilidad\/#primaryimage\"},\"image\":{\"@id\":\"https:\/\/exem-olt.eu\/sostenibilidad\/#primaryimage\"},\"thumbnailUrl\":\"https:\/\/192.168.100.46:8988\/wp-content\/uploads\/2023\/07\/5-2-1024x1024.png\",\"datePublished\":\"2023-03-31T09:47:26+00:00\",\"dateModified\":\"2023-11-13T15:46:00+00:00\",\"description\":\"Apostamos por una cadena de suministro sostenible ya que es un pilar fundamental de nuestra filosof\u00eda y \u00e9tica empresarial.\",\"breadcrumb\":{\"@id\":\"https:\/\/exem-olt.eu\/sostenibilidad\/#breadcrumb\"},\"inLanguage\":\"ca\",\"potentialAction\":[{\"@type\":\"ReadAction\",\"target\":[\"https:\/\/exem-olt.eu\/sostenibilidad\/\"]}]},{\"@type\":\"ImageObject\",\"inLanguage\":\"ca\",\"@id\":\"https:\/\/exem-olt.eu\/sostenibilidad\/#primaryimage\",\"url\":\"https:\/\/192.168.100.46:8988\/wp-content\/uploads\/2023\/07\/5-2-1024x1024.png\",\"contentUrl\":\"https:\/\/192.168.100.46:8988\/wp-content\/uploads\/2023\/07\/5-2-1024x1024.png\"},{\"@type\":\"BreadcrumbList\",\"@id\":\"https:\/\/exem-olt.eu\/sostenibilidad\/#breadcrumb\",\"itemListElement\":[{\"@type\":\"ListItem\",\"position\":1,\"name\":\"Portada\",\"item\":\"https:\/\/exem-olt.eu\/\"},{\"@type\":\"ListItem\",\"position\":2,\"name\":\"Sostenibilidad\"}]},{\"@type\":\"WebSite\",\"@id\":\"https:\/\/exem-olt.eu\/#website\",\"url\":\"https:\/\/exem-olt.eu\/\",\"name\":\"EXEM\",\"description\":\"L\u00edder en su territorio de los operadores log\u00edstico\",\"publisher\":{\"@id\":\"https:\/\/exem-olt.eu\/#organization\"},\"potentialAction\":[{\"@type\":\"SearchAction\",\"target\":{\"@type\":\"EntryPoint\",\"urlTemplate\":\"https:\/\/exem-olt.eu\/?s={search_term_string}\"},\"query-input\":\"required name=search_term_string\"}],\"inLanguage\":\"ca\"},{\"@type\":\"Organization\",\"@id\":\"https:\/\/exem-olt.eu\/#organization\",\"name\":\"EXEM\",\"url\":\"https:\/\/exem-olt.eu\/\",\"logo\":{\"@type\":\"ImageObject\",\"inLanguage\":\"ca\",\"@id\":\"https:\/\/exem-olt.eu\/#\/schema\/logo\/image\/\",\"url\":\"https:\/\/exem-olt.eu\/wp-content\/uploads\/2023\/03\/logo-placeholder.png\",\"contentUrl\":\"https:\/\/exem-olt.eu\/wp-content\/uploads\/2023\/03\/logo-placeholder.png\",\"width\":760,\"height\":348,\"caption\":\"EXEM\"},\"image\":{\"@id\":\"https:\/\/exem-olt.eu\/#\/schema\/logo\/image\/\"}}]}<\/script>\n<!-- \/ Yoast SEO plugin. -->","yoast_head_json":{"title":"Sostenibilidad - EXEM","description":"Apostamos por una cadena de suministro sostenible ya que es un pilar fundamental de nuestra filosof\u00eda y \u00e9tica empresarial.","robots":{"index":"index","follow":"follow","max-snippet":"max-snippet:-1","max-image-preview":"max-image-preview:large","max-video-preview":"max-video-preview:-1"},"canonical":"https:\/\/exem-olt.eu\/ca\/sostenibilidad\/","og_locale":"ca_ES","og_type":"article","og_title":"Sostenibilidad - EXEM","og_description":"Apostamos por una cadena de suministro sostenible ya que es un pilar fundamental de nuestra filosof\u00eda y \u00e9tica empresarial.","og_url":"https:\/\/exem-olt.eu\/ca\/sostenibilidad\/","og_site_name":"EXEM","article_modified_time":"2023-11-13T15:46:00+00:00","og_image":[{"url":"https:\/\/192.168.100.46:8988\/wp-content\/uploads\/2023\/07\/5-2-1024x1024.png"}],"twitter_card":"summary_large_image","twitter_misc":{"Temps estimat de lectura":"2 minuts"},"schema":{"@context":"https:\/\/schema.org","@graph":[{"@type":"WebPage","@id":"https:\/\/exem-olt.eu\/sostenibilidad\/","url":"https:\/\/exem-olt.eu\/sostenibilidad\/","name":"Sostenibilidad - EXEM","isPartOf":{"@id":"https:\/\/exem-olt.eu\/#website"},"primaryImageOfPage":{"@id":"https:\/\/exem-olt.eu\/sostenibilidad\/#primaryimage"},"image":{"@id":"https:\/\/exem-olt.eu\/sostenibilidad\/#primaryimage"},"thumbnailUrl":"https:\/\/192.168.100.46:8988\/wp-content\/uploads\/2023\/07\/5-2-1024x1024.png","datePublished":"2023-03-31T09:47:26+00:00","dateModified":"2023-11-13T15:46:00+00:00","description":"Apostamos por una cadena de suministro sostenible ya que es un pilar fundamental de nuestra filosof\u00eda y \u00e9tica empresarial.","breadcrumb":{"@id":"https:\/\/exem-olt.eu\/sostenibilidad\/#breadcrumb"},"inLanguage":"ca","potentialAction":[{"@type":"ReadAction","target":["https:\/\/exem-olt.eu\/sostenibilidad\/"]}]},{"@type":"ImageObject","inLanguage":"ca","@id":"https:\/\/exem-olt.eu\/sostenibilidad\/#primaryimage","url":"https:\/\/192.168.100.46:8988\/wp-content\/uploads\/2023\/07\/5-2-1024x1024.png","contentUrl":"https:\/\/192.168.100.46:8988\/wp-content\/uploads\/2023\/07\/5-2-1024x1024.png"},{"@type":"BreadcrumbList","@id":"https:\/\/exem-olt.eu\/sostenibilidad\/#breadcrumb","itemListElement":[{"@type":"ListItem","position":1,"name":"Portada","item":"https:\/\/exem-olt.eu\/"},{"@type":"ListItem","position":2,"name":"Sostenibilidad"}]},{"@type":"WebSite","@id":"https:\/\/exem-olt.eu\/#website","url":"https:\/\/exem-olt.eu\/","name":"EXEM","description":"L\u00edder en su territorio de los operadores log\u00edstico","publisher":{"@id":"https:\/\/exem-olt.eu\/#organization"},"potentialAction":[{"@type":"SearchAction","target":{"@type":"EntryPoint","urlTemplate":"https:\/\/exem-olt.eu\/?s={search_term_string}"},"query-input":"required name=search_term_string"}],"inLanguage":"ca"},{"@type":"Organization","@id":"https:\/\/exem-olt.eu\/#organization","name":"EXEM","url":"https:\/\/exem-olt.eu\/","logo":{"@type":"ImageObject","inLanguage":"ca","@id":"https:\/\/exem-olt.eu\/#\/schema\/logo\/image\/","url":"https:\/\/exem-olt.eu\/wp-content\/uploads\/2023\/03\/logo-placeholder.png","contentUrl":"https:\/\/exem-olt.eu\/wp-content\/uploads\/2023\/03\/logo-placeholder.png","width":760,"height":348,"caption":"EXEM"},"image":{"@id":"https:\/\/exem-olt.eu\/#\/schema\/logo\/image\/"}}]}},"_links":{"self":[{"href":"https:\/\/exem-olt.eu\/ca\/wp-json\/wp\/v2\/pages\/312","targetHints":{"allow":["GET"]}}],"collection":[{"href":"https:\/\/exem-olt.eu\/ca\/wp-json\/wp\/v2\/pages"}],"about":[{"href":"https:\/\/exem-olt.eu\/ca\/wp-json\/wp\/v2\/types\/page"}],"author":[{"embeddable":true,"href":"https:\/\/exem-olt.eu\/ca\/wp-json\/wp\/v2\/users\/1"}],"replies":[{"embeddable":true,"href":"https:\/\/exem-olt.eu\/ca\/wp-json\/wp\/v2\/comments?post=312"}],"version-history":[{"count":73,"href":"https:\/\/exem-olt.eu\/ca\/wp-json\/wp\/v2\/pages\/312\/revisions"}],"predecessor-version":[{"id":1672,"href":"https:\/\/exem-olt.eu\/ca\/wp-json\/wp\/v2\/pages\/312\/revisions\/1672"}],"wp:attachment":[{"href":"https:\/\/exem-olt.eu\/ca\/wp-json\/wp\/v2\/media?parent=312"}],"curies":[{"name":"wp","href":"https:\/\/api.w.org\/{rel}","templated":true}]}}