{"id":307,"date":"2023-03-31T09:47:07","date_gmt":"2023-03-31T09:47:07","guid":{"rendered":"https:\/\/192.168.100.46:8988\/?page_id=307"},"modified":"2023-11-13T15:45:30","modified_gmt":"2023-11-13T15:45:30","slug":"tecnologia","status":"publish","type":"page","link":"https:\/\/exem-olt.eu\/ca\/tecnologia\/","title":{"rendered":"Tecnologia"},"content":{"rendered":"<div data-elementor-type=\"wp-page\" data-elementor-id=\"307\" class=\"elementor elementor-307\" data-elementor-post-type=\"page\">\n\t\t\t\t\t\t<section class=\"elementor-section elementor-top-section elementor-element elementor-element-09e4999 elementor-section-content-middle elementor-reverse-mobile elementor-section-boxed elementor-section-height-default elementor-section-height-default\" data-id=\"09e4999\" data-element_type=\"section\">\n\t\t\t\t\t\t\t<div class=\"elementor-background-overlay\"><\/div>\n\t\t\t\t\t\t\t<div class=\"elementor-container elementor-column-gap-no\">\n\t\t\t\t\t<div class=\"elementor-column elementor-col-100 elementor-top-column elementor-element elementor-element-05026c4\" data-id=\"05026c4\" data-element_type=\"column\">\n\t\t\t<div class=\"elementor-widget-wrap elementor-element-populated\">\n\t\t\t\t\t\t<div class=\"elementor-element elementor-element-a347db9 elementor-widget elementor-widget-spacer\" data-id=\"a347db9\" data-element_type=\"widget\" data-widget_type=\"spacer.default\">\n\t\t\t\t<div class=\"elementor-widget-container\">\n\t\t\t<style>\/*! elementor - v3.20.0 - 11-03-2024 *\/\n.elementor-column .elementor-spacer-inner{height:var(--spacer-size)}.e-con{--container-widget-width:100%}.e-con-inner>.elementor-widget-spacer,.e-con>.elementor-widget-spacer{width:var(--container-widget-width,var(--spacer-size));--align-self:var(--container-widget-align-self,initial);--flex-shrink:0}.e-con-inner>.elementor-widget-spacer>.elementor-widget-container,.e-con>.elementor-widget-spacer>.elementor-widget-container{height:100%;width:100%}.e-con-inner>.elementor-widget-spacer>.elementor-widget-container>.elementor-spacer,.e-con>.elementor-widget-spacer>.elementor-widget-container>.elementor-spacer{height:100%}.e-con-inner>.elementor-widget-spacer>.elementor-widget-container>.elementor-spacer>.elementor-spacer-inner,.e-con>.elementor-widget-spacer>.elementor-widget-container>.elementor-spacer>.elementor-spacer-inner{height:var(--container-widget-height,var(--spacer-size))}.e-con-inner>.elementor-widget-spacer.elementor-widget-empty,.e-con>.elementor-widget-spacer.elementor-widget-empty{position:relative;min-height:22px;min-width:22px}.e-con-inner>.elementor-widget-spacer.elementor-widget-empty .elementor-widget-empty-icon,.e-con>.elementor-widget-spacer.elementor-widget-empty .elementor-widget-empty-icon{position:absolute;top:0;bottom:0;left:0;right:0;margin:auto;padding:0;width:22px;height:22px}<\/style>\t\t<div class=\"elementor-spacer\">\n\t\t\t<div class=\"elementor-spacer-inner\"><\/div>\n\t\t<\/div>\n\t\t\t\t<\/div>\n\t\t\t\t<\/div>\n\t\t\t\t<div class=\"elementor-element elementor-element-b6291f4 elementor-widget__width-initial elementor-widget elementor-widget-heading\" data-id=\"b6291f4\" data-element_type=\"widget\" data-widget_type=\"heading.default\">\n\t\t\t\t<div class=\"elementor-widget-container\">\n\t\t\t<style>\/*! elementor - v3.20.0 - 11-03-2024 *\/\n.elementor-heading-title{padding:0;margin:0;line-height:1}.elementor-widget-heading .elementor-heading-title[class*=elementor-size-]>a{color:inherit;font-size:inherit;line-height:inherit}.elementor-widget-heading .elementor-heading-title.elementor-size-small{font-size:15px}.elementor-widget-heading .elementor-heading-title.elementor-size-medium{font-size:19px}.elementor-widget-heading .elementor-heading-title.elementor-size-large{font-size:29px}.elementor-widget-heading .elementor-heading-title.elementor-size-xl{font-size:39px}.elementor-widget-heading .elementor-heading-title.elementor-size-xxl{font-size:59px}<\/style><h4 class=\"elementor-heading-title elementor-size-default\">ESP\u00cdRITU DE MEJORA E INNOVACI\u00d3N <\/h4>\t\t<\/div>\n\t\t\t\t<\/div>\n\t\t\t\t\t<\/div>\n\t\t<\/div>\n\t\t\t\t\t<\/div>\n\t\t<\/section>\n\t\t\t\t<section class=\"elementor-section elementor-top-section elementor-element elementor-element-d15c923 elementor-section-content-middle elementor-section-boxed elementor-section-height-default elementor-section-height-default\" data-id=\"d15c923\" data-element_type=\"section\">\n\t\t\t\t\t\t<div class=\"elementor-container elementor-column-gap-no\">\n\t\t\t\t\t<div class=\"elementor-column elementor-col-50 elementor-top-column elementor-element elementor-element-b329b1f elementor-invisible\" data-id=\"b329b1f\" data-element_type=\"column\" data-settings=\"{&quot;animation&quot;:&quot;fadeInLeft&quot;}\">\n\t\t\t<div class=\"elementor-widget-wrap elementor-element-populated\">\n\t\t\t\t\t\t<div class=\"elementor-element elementor-element-3dbb0eb elementor-widget__width-initial elementor-widget-mobile__width-initial elementor-widget-tablet__width-initial elementor-widget elementor-widget-spacer\" data-id=\"3dbb0eb\" data-element_type=\"widget\" data-widget_type=\"spacer.default\">\n\t\t\t\t<div class=\"elementor-widget-container\">\n\t\t\t\t\t<div class=\"elementor-spacer\">\n\t\t\t<div class=\"elementor-spacer-inner\"><\/div>\n\t\t<\/div>\n\t\t\t\t<\/div>\n\t\t\t\t<\/div>\n\t\t\t\t<div class=\"elementor-element elementor-element-3caa1d6 elementor-widget elementor-widget-image\" data-id=\"3caa1d6\" data-element_type=\"widget\" data-widget_type=\"image.default\">\n\t\t\t\t<div class=\"elementor-widget-container\">\n\t\t\t<style>\/*! elementor - v3.20.0 - 11-03-2024 *\/\n.elementor-widget-image{text-align:center}.elementor-widget-image a{display:inline-block}.elementor-widget-image a img[src$=\".svg\"]{width:48px}.elementor-widget-image img{vertical-align:middle;display:inline-block}<\/style>\t\t\t\t\t\t\t\t\t\t<img fetchpriority=\"high\" decoding=\"async\" width=\"800\" height=\"800\" src=\"https:\/\/exem-olt.eu\/wp-content\/uploads\/2023\/07\/4-1-1024x1024.png\" class=\"attachment-large size-large wp-image-926\" alt=\"\" srcset=\"https:\/\/exem-olt.eu\/wp-content\/uploads\/2023\/07\/4-1-1024x1024.png 1024w, https:\/\/exem-olt.eu\/wp-content\/uploads\/2023\/07\/4-1-300x300.png 300w, https:\/\/exem-olt.eu\/wp-content\/uploads\/2023\/07\/4-1-150x150.png 150w, https:\/\/exem-olt.eu\/wp-content\/uploads\/2023\/07\/4-1-768x768.png 768w, https:\/\/exem-olt.eu\/wp-content\/uploads\/2023\/07\/4-1.png 1080w\" sizes=\"(max-width: 800px) 100vw, 800px\" \/>\t\t\t\t\t\t\t\t\t\t\t\t\t<\/div>\n\t\t\t\t<\/div>\n\t\t\t\t\t<\/div>\n\t\t<\/div>\n\t\t\t\t<div class=\"elementor-column elementor-col-50 elementor-top-column elementor-element elementor-element-77fc7ee\" data-id=\"77fc7ee\" data-element_type=\"column\">\n\t\t\t<div class=\"elementor-widget-wrap elementor-element-populated\">\n\t\t\t\t\t\t<div class=\"elementor-element elementor-element-3c4a8ee elementor-widget elementor-widget-text-editor\" data-id=\"3c4a8ee\" data-element_type=\"widget\" data-widget_type=\"text-editor.default\">\n\t\t\t\t<div class=\"elementor-widget-container\">\n\t\t\t<style>\/*! elementor - v3.20.0 - 11-03-2024 *\/\n.elementor-widget-text-editor.elementor-drop-cap-view-stacked .elementor-drop-cap{background-color:#69727d;color:#fff}.elementor-widget-text-editor.elementor-drop-cap-view-framed .elementor-drop-cap{color:#69727d;border:3px solid;background-color:transparent}.elementor-widget-text-editor:not(.elementor-drop-cap-view-default) .elementor-drop-cap{margin-top:8px}.elementor-widget-text-editor:not(.elementor-drop-cap-view-default) .elementor-drop-cap-letter{width:1em;height:1em}.elementor-widget-text-editor .elementor-drop-cap{float:left;text-align:center;line-height:1;font-size:50px}.elementor-widget-text-editor .elementor-drop-cap-letter{display:inline-block}<\/style>\t\t\t\t<p style=\"color: #294739; font-size: 20px;\"><span style=\"font-weight: bolder;\">La tecnologia \u00e9s un element clau en el sector de la log\u00edstica<\/span>, ja que permet una major efici\u00e8ncia i agilitat en els processos de transport i distribuci\u00f3. En\u00a0<span style=\"font-weight: bolder;\">EXEM<\/span>, ens esforcem per estar a l'avantguarda de les \u00faltimes innovacions tecnol\u00f2giques per a poder oferir als nostres clients una experi\u00e8ncia de\u00a0<span style=\"font-weight: bolder;\">transport i log\u00edstica de la m\u00e9s alta qualitat<\/span>.<\/p><p style=\"color: #294739; font-size: 20px;\">Hem incorporat recentment millores en el proc\u00e9s de la informaci\u00f3, ja sigui durant la prestaci\u00f3 del servei, per mitj\u00e0 del <strong>sistema D.T.D<\/strong>.\u00a0(Drive\u00a0<span class=\"hiddenSpellError\">TransportDocument<\/span>) contractat amb l'empresa\u00a0<span class=\"hiddenSpellError\">Logisticfull<\/span>, s.l. que permet <strong>informar en temps real als nostres clients<\/strong> de l'estat de les seves mercaderies en la c\u00e0rrega i desc\u00e0rrega, aix\u00ed com rebre els documents de c\u00e0rrega i desc\u00e0rrega quan aquesta es produeix.<\/p><p>Els nostres prove\u00efdors tenen <strong>a la seva disposici\u00f3 a trav\u00e9s del nostre web acc\u00e9s a tots els seus albarans,<\/strong> <strong>possibilitat de fer facturaci\u00f3 o acte facturaci\u00f3 i gesti\u00f3 dels seus ports pendents de cobrament.<\/strong> Todo v\u00eda Web e intentando evitar el consumo innecesario de papel.<\/p>\t\t\t\t\t\t<\/div>\n\t\t\t\t<\/div>\n\t\t\t\t\t<\/div>\n\t\t<\/div>\n\t\t\t\t\t<\/div>\n\t\t<\/section>\n\t\t\t\t<section class=\"elementor-section elementor-top-section elementor-element elementor-element-2c7b123 elementor-section-content-middle elementor-reverse-tablet elementor-reverse-mobile elementor-section-boxed elementor-section-height-default elementor-section-height-default\" data-id=\"2c7b123\" data-element_type=\"section\" data-settings=\"{&quot;background_background&quot;:&quot;classic&quot;}\">\n\t\t\t\t\t\t\t<div class=\"elementor-background-overlay\"><\/div>\n\t\t\t\t\t\t\t<div class=\"elementor-container elementor-column-gap-default\">\n\t\t\t\t\t<div class=\"elementor-column elementor-col-50 elementor-top-column elementor-element elementor-element-bf98b73\" data-id=\"bf98b73\" data-element_type=\"column\">\n\t\t\t<div class=\"elementor-widget-wrap elementor-element-populated\">\n\t\t\t\t\t\t<section class=\"elementor-section elementor-inner-section elementor-element elementor-element-5b413d9 elementor-section-boxed elementor-section-height-default elementor-section-height-default elementor-invisible\" data-id=\"5b413d9\" data-element_type=\"section\" data-settings=\"{&quot;animation&quot;:&quot;fadeIn&quot;}\">\n\t\t\t\t\t\t<div class=\"elementor-container elementor-column-gap-default\">\n\t\t\t\t\t<div class=\"elementor-column elementor-col-100 elementor-inner-column elementor-element elementor-element-b9149ab\" data-id=\"b9149ab\" data-element_type=\"column\" data-settings=\"{&quot;background_background&quot;:&quot;classic&quot;}\">\n\t\t\t<div class=\"elementor-widget-wrap elementor-element-populated\">\n\t\t\t\t\t\t<div class=\"elementor-element elementor-element-02893dc elementor-widget elementor-widget-text-editor\" data-id=\"02893dc\" data-element_type=\"widget\" data-widget_type=\"text-editor.default\">\n\t\t\t\t<div class=\"elementor-widget-container\">\n\t\t\t\t\t\t\t<p>En definitiva, a\u00a0<strong><span class=\"hiddenSpellError\">EXEM<\/span><\/strong>\u00a0considerem que la tecnologia \u00e9s un element clau per a oferir un servei de transport i log\u00edstica eficient, segur i de qualitat als nostres clients i transportistes. Per aix\u00f2, continuem invertint en tecnologia amb l'adquisici\u00f3 de noves eines i solucions innovadores que ens permetin continuar millorant la nostra oferta de serveis.<\/p>\t\t\t\t\t\t<\/div>\n\t\t\t\t<\/div>\n\t\t\t\t\t<\/div>\n\t\t<\/div>\n\t\t\t\t\t<\/div>\n\t\t<\/section>\n\t\t\t\t<div class=\"elementor-element elementor-element-73d3399 elementor-widget__width-initial elementor-absolute elementor-hidden-mobile elementor-widget elementor-widget-spacer\" data-id=\"73d3399\" data-element_type=\"widget\" data-settings=\"{&quot;_position&quot;:&quot;absolute&quot;}\" data-widget_type=\"spacer.default\">\n\t\t\t\t<div class=\"elementor-widget-container\">\n\t\t\t\t\t<div class=\"elementor-spacer\">\n\t\t\t<div class=\"elementor-spacer-inner\"><\/div>\n\t\t<\/div>\n\t\t\t\t<\/div>\n\t\t\t\t<\/div>\n\t\t\t\t\t<\/div>\n\t\t<\/div>\n\t\t\t\t<div class=\"elementor-column elementor-col-50 elementor-top-column elementor-element elementor-element-e47dcb2\" data-id=\"e47dcb2\" data-element_type=\"column\">\n\t\t\t<div class=\"elementor-widget-wrap elementor-element-populated\">\n\t\t\t\t\t\t<div class=\"elementor-element elementor-element-6a44e1f elementor-widget elementor-widget-image\" data-id=\"6a44e1f\" data-element_type=\"widget\" data-widget_type=\"image.default\">\n\t\t\t\t<div class=\"elementor-widget-container\">\n\t\t\t\t\t\t\t\t\t\t\t\t\t<img decoding=\"async\" width=\"1080\" height=\"1080\" src=\"https:\/\/exem-olt.eu\/wp-content\/uploads\/2023\/07\/5-1.png\" class=\"attachment-full size-full wp-image-927\" alt=\"\" srcset=\"https:\/\/exem-olt.eu\/wp-content\/uploads\/2023\/07\/5-1.png 1080w, https:\/\/exem-olt.eu\/wp-content\/uploads\/2023\/07\/5-1-300x300.png 300w, https:\/\/exem-olt.eu\/wp-content\/uploads\/2023\/07\/5-1-1024x1024.png 1024w, https:\/\/exem-olt.eu\/wp-content\/uploads\/2023\/07\/5-1-150x150.png 150w, https:\/\/exem-olt.eu\/wp-content\/uploads\/2023\/07\/5-1-768x768.png 768w\" sizes=\"(max-width: 1080px) 100vw, 1080px\" \/>\t\t\t\t\t\t\t\t\t\t\t\t\t<\/div>\n\t\t\t\t<\/div>\n\t\t\t\t\t<\/div>\n\t\t<\/div>\n\t\t\t\t\t<\/div>\n\t\t<\/section>\n\t\t\t\t<\/div>","protected":false},"excerpt":{"rendered":"<p>ESP\u00cdRITU DE MEJORA E INNOVACI\u00d3N La tecnolog\u00eda es un elemento clave en el sector de la log\u00edstica, ya que permite una mayor eficiencia y agilidad en los procesos de transporte y distribuci\u00f3n. En\u00a0EXEM, nos esforzamos por estar a la vanguardia de las \u00faltimas innovaciones tecnol\u00f3gicas para poder ofrecer a nuestros clientes una experiencia de\u00a0transporte y [&hellip;]<\/p>","protected":false},"author":1,"featured_media":0,"parent":0,"menu_order":0,"comment_status":"closed","ping_status":"closed","template":"","meta":{"footnotes":""},"class_list":["post-307","page","type-page","status-publish","hentry"],"yoast_head":"<!-- This site is optimized with the Yoast SEO plugin v22.6 - https:\/\/yoast.com\/wordpress\/plugins\/seo\/ -->\n<title>Tecnolog\u00eda - EXEM<\/title>\n<meta name=\"description\" content=\"Contamos con la tecnolog\u00eda d.t.d. como nuestra apuesta segura para la innovaci\u00f3n tecnol\u00f3gica.\" \/>\n<meta name=\"robots\" content=\"index, follow, max-snippet:-1, max-image-preview:large, max-video-preview:-1\" \/>\n<link rel=\"canonical\" href=\"https:\/\/exem-olt.eu\/ca\/tecnologia\/\" \/>\n<meta property=\"og:locale\" content=\"ca_ES\" \/>\n<meta property=\"og:type\" content=\"article\" \/>\n<meta property=\"og:title\" content=\"Tecnolog\u00eda - EXEM\" \/>\n<meta property=\"og:description\" content=\"Contamos con la tecnolog\u00eda d.t.d. como nuestra apuesta segura para la innovaci\u00f3n tecnol\u00f3gica.\" \/>\n<meta property=\"og:url\" content=\"https:\/\/exem-olt.eu\/ca\/tecnologia\/\" \/>\n<meta property=\"og:site_name\" content=\"EXEM\" \/>\n<meta property=\"article:modified_time\" content=\"2023-11-13T15:45:30+00:00\" \/>\n<meta property=\"og:image\" content=\"https:\/\/192.168.100.46:8988\/wp-content\/uploads\/2023\/07\/4-1-1024x1024.png\" \/>\n<meta name=\"twitter:card\" content=\"summary_large_image\" \/>\n<meta name=\"twitter:label1\" content=\"Temps estimat de lectura\" \/>\n\t<meta name=\"twitter:data1\" content=\"2 minuts\" \/>\n<script type=\"application\/ld+json\" class=\"yoast-schema-graph\">{\"@context\":\"https:\/\/schema.org\",\"@graph\":[{\"@type\":\"WebPage\",\"@id\":\"https:\/\/exem-olt.eu\/tecnologia\/\",\"url\":\"https:\/\/exem-olt.eu\/tecnologia\/\",\"name\":\"Tecnolog\u00eda - EXEM\",\"isPartOf\":{\"@id\":\"https:\/\/exem-olt.eu\/#website\"},\"primaryImageOfPage\":{\"@id\":\"https:\/\/exem-olt.eu\/tecnologia\/#primaryimage\"},\"image\":{\"@id\":\"https:\/\/exem-olt.eu\/tecnologia\/#primaryimage\"},\"thumbnailUrl\":\"https:\/\/192.168.100.46:8988\/wp-content\/uploads\/2023\/07\/4-1-1024x1024.png\",\"datePublished\":\"2023-03-31T09:47:07+00:00\",\"dateModified\":\"2023-11-13T15:45:30+00:00\",\"description\":\"Contamos con la tecnolog\u00eda d.t.d. como nuestra apuesta segura para la innovaci\u00f3n tecnol\u00f3gica.\",\"breadcrumb\":{\"@id\":\"https:\/\/exem-olt.eu\/tecnologia\/#breadcrumb\"},\"inLanguage\":\"ca\",\"potentialAction\":[{\"@type\":\"ReadAction\",\"target\":[\"https:\/\/exem-olt.eu\/tecnologia\/\"]}]},{\"@type\":\"ImageObject\",\"inLanguage\":\"ca\",\"@id\":\"https:\/\/exem-olt.eu\/tecnologia\/#primaryimage\",\"url\":\"https:\/\/192.168.100.46:8988\/wp-content\/uploads\/2023\/07\/4-1-1024x1024.png\",\"contentUrl\":\"https:\/\/192.168.100.46:8988\/wp-content\/uploads\/2023\/07\/4-1-1024x1024.png\"},{\"@type\":\"BreadcrumbList\",\"@id\":\"https:\/\/exem-olt.eu\/tecnologia\/#breadcrumb\",\"itemListElement\":[{\"@type\":\"ListItem\",\"position\":1,\"name\":\"Portada\",\"item\":\"https:\/\/exem-olt.eu\/\"},{\"@type\":\"ListItem\",\"position\":2,\"name\":\"Tecnolog\u00eda\"}]},{\"@type\":\"WebSite\",\"@id\":\"https:\/\/exem-olt.eu\/#website\",\"url\":\"https:\/\/exem-olt.eu\/\",\"name\":\"EXEM\",\"description\":\"L\u00edder en su territorio de los operadores log\u00edstico\",\"publisher\":{\"@id\":\"https:\/\/exem-olt.eu\/#organization\"},\"potentialAction\":[{\"@type\":\"SearchAction\",\"target\":{\"@type\":\"EntryPoint\",\"urlTemplate\":\"https:\/\/exem-olt.eu\/?s={search_term_string}\"},\"query-input\":\"required name=search_term_string\"}],\"inLanguage\":\"ca\"},{\"@type\":\"Organization\",\"@id\":\"https:\/\/exem-olt.eu\/#organization\",\"name\":\"EXEM\",\"url\":\"https:\/\/exem-olt.eu\/\",\"logo\":{\"@type\":\"ImageObject\",\"inLanguage\":\"ca\",\"@id\":\"https:\/\/exem-olt.eu\/#\/schema\/logo\/image\/\",\"url\":\"https:\/\/exem-olt.eu\/wp-content\/uploads\/2023\/03\/logo-placeholder.png\",\"contentUrl\":\"https:\/\/exem-olt.eu\/wp-content\/uploads\/2023\/03\/logo-placeholder.png\",\"width\":760,\"height\":348,\"caption\":\"EXEM\"},\"image\":{\"@id\":\"https:\/\/exem-olt.eu\/#\/schema\/logo\/image\/\"}}]}<\/script>\n<!-- \/ Yoast SEO plugin. -->","yoast_head_json":{"title":"Tecnolog\u00eda - EXEM","description":"Contamos con la tecnolog\u00eda d.t.d. como nuestra apuesta segura para la innovaci\u00f3n tecnol\u00f3gica.","robots":{"index":"index","follow":"follow","max-snippet":"max-snippet:-1","max-image-preview":"max-image-preview:large","max-video-preview":"max-video-preview:-1"},"canonical":"https:\/\/exem-olt.eu\/ca\/tecnologia\/","og_locale":"ca_ES","og_type":"article","og_title":"Tecnolog\u00eda - EXEM","og_description":"Contamos con la tecnolog\u00eda d.t.d. como nuestra apuesta segura para la innovaci\u00f3n tecnol\u00f3gica.","og_url":"https:\/\/exem-olt.eu\/ca\/tecnologia\/","og_site_name":"EXEM","article_modified_time":"2023-11-13T15:45:30+00:00","og_image":[{"url":"https:\/\/192.168.100.46:8988\/wp-content\/uploads\/2023\/07\/4-1-1024x1024.png"}],"twitter_card":"summary_large_image","twitter_misc":{"Temps estimat de lectura":"2 minuts"},"schema":{"@context":"https:\/\/schema.org","@graph":[{"@type":"WebPage","@id":"https:\/\/exem-olt.eu\/tecnologia\/","url":"https:\/\/exem-olt.eu\/tecnologia\/","name":"Tecnolog\u00eda - EXEM","isPartOf":{"@id":"https:\/\/exem-olt.eu\/#website"},"primaryImageOfPage":{"@id":"https:\/\/exem-olt.eu\/tecnologia\/#primaryimage"},"image":{"@id":"https:\/\/exem-olt.eu\/tecnologia\/#primaryimage"},"thumbnailUrl":"https:\/\/192.168.100.46:8988\/wp-content\/uploads\/2023\/07\/4-1-1024x1024.png","datePublished":"2023-03-31T09:47:07+00:00","dateModified":"2023-11-13T15:45:30+00:00","description":"Contamos con la tecnolog\u00eda d.t.d. como nuestra apuesta segura para la innovaci\u00f3n tecnol\u00f3gica.","breadcrumb":{"@id":"https:\/\/exem-olt.eu\/tecnologia\/#breadcrumb"},"inLanguage":"ca","potentialAction":[{"@type":"ReadAction","target":["https:\/\/exem-olt.eu\/tecnologia\/"]}]},{"@type":"ImageObject","inLanguage":"ca","@id":"https:\/\/exem-olt.eu\/tecnologia\/#primaryimage","url":"https:\/\/192.168.100.46:8988\/wp-content\/uploads\/2023\/07\/4-1-1024x1024.png","contentUrl":"https:\/\/192.168.100.46:8988\/wp-content\/uploads\/2023\/07\/4-1-1024x1024.png"},{"@type":"BreadcrumbList","@id":"https:\/\/exem-olt.eu\/tecnologia\/#breadcrumb","itemListElement":[{"@type":"ListItem","position":1,"name":"Portada","item":"https:\/\/exem-olt.eu\/"},{"@type":"ListItem","position":2,"name":"Tecnolog\u00eda"}]},{"@type":"WebSite","@id":"https:\/\/exem-olt.eu\/#website","url":"https:\/\/exem-olt.eu\/","name":"EXEM","description":"L\u00edder en su territorio de los operadores log\u00edstico","publisher":{"@id":"https:\/\/exem-olt.eu\/#organization"},"potentialAction":[{"@type":"SearchAction","target":{"@type":"EntryPoint","urlTemplate":"https:\/\/exem-olt.eu\/?s={search_term_string}"},"query-input":"required name=search_term_string"}],"inLanguage":"ca"},{"@type":"Organization","@id":"https:\/\/exem-olt.eu\/#organization","name":"EXEM","url":"https:\/\/exem-olt.eu\/","logo":{"@type":"ImageObject","inLanguage":"ca","@id":"https:\/\/exem-olt.eu\/#\/schema\/logo\/image\/","url":"https:\/\/exem-olt.eu\/wp-content\/uploads\/2023\/03\/logo-placeholder.png","contentUrl":"https:\/\/exem-olt.eu\/wp-content\/uploads\/2023\/03\/logo-placeholder.png","width":760,"height":348,"caption":"EXEM"},"image":{"@id":"https:\/\/exem-olt.eu\/#\/schema\/logo\/image\/"}}]}},"_links":{"self":[{"href":"https:\/\/exem-olt.eu\/ca\/wp-json\/wp\/v2\/pages\/307","targetHints":{"allow":["GET"]}}],"collection":[{"href":"https:\/\/exem-olt.eu\/ca\/wp-json\/wp\/v2\/pages"}],"about":[{"href":"https:\/\/exem-olt.eu\/ca\/wp-json\/wp\/v2\/types\/page"}],"author":[{"embeddable":true,"href":"https:\/\/exem-olt.eu\/ca\/wp-json\/wp\/v2\/users\/1"}],"replies":[{"embeddable":true,"href":"https:\/\/exem-olt.eu\/ca\/wp-json\/wp\/v2\/comments?post=307"}],"version-history":[{"count":97,"href":"https:\/\/exem-olt.eu\/ca\/wp-json\/wp\/v2\/pages\/307\/revisions"}],"predecessor-version":[{"id":1714,"href":"https:\/\/exem-olt.eu\/ca\/wp-json\/wp\/v2\/pages\/307\/revisions\/1714"}],"wp:attachment":[{"href":"https:\/\/exem-olt.eu\/ca\/wp-json\/wp\/v2\/media?parent=307"}],"curies":[{"name":"wp","href":"https:\/\/api.w.org\/{rel}","templated":true}]}}