{"id":292,"date":"2023-03-31T09:45:44","date_gmt":"2023-03-31T09:45:44","guid":{"rendered":"https:\/\/192.168.100.46:8988\/?page_id=292"},"modified":"2024-03-13T16:58:36","modified_gmt":"2024-03-13T16:58:36","slug":"sobre-nosotros","status":"publish","type":"page","link":"https:\/\/exem-olt.eu\/ca\/sobre-nosotros\/","title":{"rendered":"Sobre nosotros"},"content":{"rendered":"<div data-elementor-type=\"wp-page\" data-elementor-id=\"292\" class=\"elementor elementor-292\" data-elementor-post-type=\"page\">\n\t\t\t\t\t\t<section class=\"elementor-section elementor-top-section elementor-element elementor-element-d0e201e elementor-section-content-middle elementor-reverse-mobile elementor-section-boxed elementor-section-height-default elementor-section-height-default\" data-id=\"d0e201e\" data-element_type=\"section\">\n\t\t\t\t\t\t\t<div class=\"elementor-background-overlay\"><\/div>\n\t\t\t\t\t\t\t<div class=\"elementor-container elementor-column-gap-no\">\n\t\t\t\t\t<div class=\"elementor-column elementor-col-100 elementor-top-column elementor-element elementor-element-5254e62\" data-id=\"5254e62\" data-element_type=\"column\">\n\t\t\t<div class=\"elementor-widget-wrap elementor-element-populated\">\n\t\t\t\t\t\t<div class=\"elementor-element elementor-element-86157e2 elementor-widget elementor-widget-spacer\" data-id=\"86157e2\" data-element_type=\"widget\" data-widget_type=\"spacer.default\">\n\t\t\t\t<div class=\"elementor-widget-container\">\n\t\t\t<style>\/*! elementor - v3.20.0 - 11-03-2024 *\/\n.elementor-column .elementor-spacer-inner{height:var(--spacer-size)}.e-con{--container-widget-width:100%}.e-con-inner>.elementor-widget-spacer,.e-con>.elementor-widget-spacer{width:var(--container-widget-width,var(--spacer-size));--align-self:var(--container-widget-align-self,initial);--flex-shrink:0}.e-con-inner>.elementor-widget-spacer>.elementor-widget-container,.e-con>.elementor-widget-spacer>.elementor-widget-container{height:100%;width:100%}.e-con-inner>.elementor-widget-spacer>.elementor-widget-container>.elementor-spacer,.e-con>.elementor-widget-spacer>.elementor-widget-container>.elementor-spacer{height:100%}.e-con-inner>.elementor-widget-spacer>.elementor-widget-container>.elementor-spacer>.elementor-spacer-inner,.e-con>.elementor-widget-spacer>.elementor-widget-container>.elementor-spacer>.elementor-spacer-inner{height:var(--container-widget-height,var(--spacer-size))}.e-con-inner>.elementor-widget-spacer.elementor-widget-empty,.e-con>.elementor-widget-spacer.elementor-widget-empty{position:relative;min-height:22px;min-width:22px}.e-con-inner>.elementor-widget-spacer.elementor-widget-empty .elementor-widget-empty-icon,.e-con>.elementor-widget-spacer.elementor-widget-empty .elementor-widget-empty-icon{position:absolute;top:0;bottom:0;left:0;right:0;margin:auto;padding:0;width:22px;height:22px}<\/style>\t\t<div class=\"elementor-spacer\">\n\t\t\t<div class=\"elementor-spacer-inner\"><\/div>\n\t\t<\/div>\n\t\t\t\t<\/div>\n\t\t\t\t<\/div>\n\t\t\t\t<div class=\"elementor-element elementor-element-3b0b97d elementor-widget__width-initial elementor-widget elementor-widget-heading\" data-id=\"3b0b97d\" data-element_type=\"widget\" data-widget_type=\"heading.default\">\n\t\t\t\t<div class=\"elementor-widget-container\">\n\t\t\t<style>\/*! elementor - v3.20.0 - 11-03-2024 *\/\n.elementor-heading-title{padding:0;margin:0;line-height:1}.elementor-widget-heading .elementor-heading-title[class*=elementor-size-]>a{color:inherit;font-size:inherit;line-height:inherit}.elementor-widget-heading .elementor-heading-title.elementor-size-small{font-size:15px}.elementor-widget-heading .elementor-heading-title.elementor-size-medium{font-size:19px}.elementor-widget-heading .elementor-heading-title.elementor-size-large{font-size:29px}.elementor-widget-heading .elementor-heading-title.elementor-size-xl{font-size:39px}.elementor-widget-heading .elementor-heading-title.elementor-size-xxl{font-size:59px}<\/style><h4 class=\"elementor-heading-title elementor-size-default\">EMPRESA L\u00cdDER EN EL SECTOR DE LA LOG\u00cdSTICA<\/h4>\t\t<\/div>\n\t\t\t\t<\/div>\n\t\t\t\t\t<\/div>\n\t\t<\/div>\n\t\t\t\t\t<\/div>\n\t\t<\/section>\n\t\t\t\t<section class=\"elementor-section elementor-top-section elementor-element elementor-element-30b6829 elementor-section-content-middle elementor-section-boxed elementor-section-height-default elementor-section-height-default\" data-id=\"30b6829\" data-element_type=\"section\">\n\t\t\t\t\t\t<div class=\"elementor-container elementor-column-gap-no\">\n\t\t\t\t\t<div class=\"elementor-column elementor-col-50 elementor-top-column elementor-element elementor-element-69d336e elementor-invisible\" data-id=\"69d336e\" data-element_type=\"column\" data-settings=\"{&quot;animation&quot;:&quot;fadeInLeft&quot;}\">\n\t\t\t<div class=\"elementor-widget-wrap elementor-element-populated\">\n\t\t\t\t\t\t<div class=\"elementor-element elementor-element-bdc5e1c elementor-widget__width-initial elementor-widget-mobile__width-initial elementor-widget-tablet__width-initial elementor-widget elementor-widget-spacer\" data-id=\"bdc5e1c\" data-element_type=\"widget\" data-widget_type=\"spacer.default\">\n\t\t\t\t<div class=\"elementor-widget-container\">\n\t\t\t\t\t<div class=\"elementor-spacer\">\n\t\t\t<div class=\"elementor-spacer-inner\"><\/div>\n\t\t<\/div>\n\t\t\t\t<\/div>\n\t\t\t\t<\/div>\n\t\t\t\t<div class=\"elementor-element elementor-element-1326658 elementor-widget elementor-widget-image\" data-id=\"1326658\" data-element_type=\"widget\" data-widget_type=\"image.default\">\n\t\t\t\t<div class=\"elementor-widget-container\">\n\t\t\t<style>\/*! elementor - v3.20.0 - 11-03-2024 *\/\n.elementor-widget-image{text-align:center}.elementor-widget-image a{display:inline-block}.elementor-widget-image a img[src$=\".svg\"]{width:48px}.elementor-widget-image img{vertical-align:middle;display:inline-block}<\/style>\t\t\t\t\t\t\t\t\t\t<img fetchpriority=\"high\" decoding=\"async\" width=\"800\" height=\"800\" src=\"https:\/\/exem-olt.eu\/wp-content\/uploads\/2023\/07\/4-1024x1024.png\" class=\"attachment-large size-large wp-image-912\" alt=\"\" srcset=\"https:\/\/exem-olt.eu\/wp-content\/uploads\/2023\/07\/4-1024x1024.png 1024w, https:\/\/exem-olt.eu\/wp-content\/uploads\/2023\/07\/4-300x300.png 300w, https:\/\/exem-olt.eu\/wp-content\/uploads\/2023\/07\/4-150x150.png 150w, https:\/\/exem-olt.eu\/wp-content\/uploads\/2023\/07\/4-768x768.png 768w, https:\/\/exem-olt.eu\/wp-content\/uploads\/2023\/07\/4.png 1080w\" sizes=\"(max-width: 800px) 100vw, 800px\" \/>\t\t\t\t\t\t\t\t\t\t\t\t\t<\/div>\n\t\t\t\t<\/div>\n\t\t\t\t\t<\/div>\n\t\t<\/div>\n\t\t\t\t<div class=\"elementor-column elementor-col-50 elementor-top-column elementor-element elementor-element-e71ff29\" data-id=\"e71ff29\" data-element_type=\"column\">\n\t\t\t<div class=\"elementor-widget-wrap elementor-element-populated\">\n\t\t\t\t\t\t<div class=\"elementor-element elementor-element-c275e46 elementor-widget elementor-widget-text-editor\" data-id=\"c275e46\" data-element_type=\"widget\" data-widget_type=\"text-editor.default\">\n\t\t\t\t<div class=\"elementor-widget-container\">\n\t\t\t<style>\/*! elementor - v3.20.0 - 11-03-2024 *\/\n.elementor-widget-text-editor.elementor-drop-cap-view-stacked .elementor-drop-cap{background-color:#69727d;color:#fff}.elementor-widget-text-editor.elementor-drop-cap-view-framed .elementor-drop-cap{color:#69727d;border:3px solid;background-color:transparent}.elementor-widget-text-editor:not(.elementor-drop-cap-view-default) .elementor-drop-cap{margin-top:8px}.elementor-widget-text-editor:not(.elementor-drop-cap-view-default) .elementor-drop-cap-letter{width:1em;height:1em}.elementor-widget-text-editor .elementor-drop-cap{float:left;text-align:center;line-height:1;font-size:50px}.elementor-widget-text-editor .elementor-drop-cap-letter{display:inline-block}<\/style>\t\t\t\t<p style=\"color: #294739; font-size: 20px;\"><span style=\"font-weight: bolder;\">EXEM<\/span>\u00a0\u00e9s una<span style=\"font-weight: bolder;\">\u00a0empresa l\u00edder<\/span>\u00a0en el sector de la log\u00edstica, amb una \u00e0mplia pres\u00e8ncia a nivell nacional i internacional. Ens especialitzem a proporcionar solucions integrals de\u00a0<span style=\"font-weight: bolder;\">log\u00edstica per a empreses del sector alimentari<\/span>, amb l'objectiu de garantir un servei de qualitat per als nostres clients.<\/p><p style=\"color: #294739; font-size: 20px;\">Un dels nostres principals serveis \u00e9s la disposici\u00f3 d'una flota de transportistes i vehicles de manera gratu\u00efta, per a realitzar el transport d'una \u00e0mplia gamma de productes, des de fruites, verdures i hortalisses fins a mat\u00e8ries primeres. D'aquesta manera, ens assegurem de cobrir totes les necessitats de transport dels nostres clients.<\/p><p style=\"color: #294739; font-size: 20px;\">A\u00a0<span style=\"font-weight: bolder;\">EXEM<\/span>, estem compromesos a proporcionar solucions log\u00edstiques als professionals del sector de l'alimentaci\u00f3, i l'aconseguim gr\u00e0cies a la nostra flota de transportistes aut\u00f2noms i empreses associades. A m\u00e9s, comptem amb un programari especialitzat en les necessitats del sector, la qual cosa ens permet dur a terme de manera integral tot el necessari perqu\u00e8 la log\u00edstica de la teva empresa sigui eficient i rendible..<\/p>\t\t\t\t\t\t<\/div>\n\t\t\t\t<\/div>\n\t\t\t\t\t<\/div>\n\t\t<\/div>\n\t\t\t\t\t<\/div>\n\t\t<\/section>\n\t\t\t\t<section class=\"elementor-section elementor-top-section elementor-element elementor-element-8977fa6 elementor-section-content-middle elementor-reverse-tablet elementor-reverse-mobile elementor-section-boxed elementor-section-height-default elementor-section-height-default\" data-id=\"8977fa6\" data-element_type=\"section\" data-settings=\"{&quot;background_background&quot;:&quot;classic&quot;}\">\n\t\t\t\t\t\t<div class=\"elementor-container elementor-column-gap-default\">\n\t\t\t\t\t<div class=\"elementor-column elementor-col-50 elementor-top-column elementor-element elementor-element-d29a9e4\" data-id=\"d29a9e4\" data-element_type=\"column\">\n\t\t\t<div class=\"elementor-widget-wrap elementor-element-populated\">\n\t\t\t\t\t\t<section class=\"elementor-section elementor-inner-section elementor-element elementor-element-fd38fd4 elementor-section-boxed elementor-section-height-default elementor-section-height-default elementor-invisible\" data-id=\"fd38fd4\" data-element_type=\"section\" data-settings=\"{&quot;animation&quot;:&quot;fadeIn&quot;}\">\n\t\t\t\t\t\t<div class=\"elementor-container elementor-column-gap-default\">\n\t\t\t\t\t<div class=\"elementor-column elementor-col-100 elementor-inner-column elementor-element elementor-element-5fa974e\" data-id=\"5fa974e\" data-element_type=\"column\" data-settings=\"{&quot;background_background&quot;:&quot;classic&quot;}\">\n\t\t\t<div class=\"elementor-widget-wrap elementor-element-populated\">\n\t\t\t\t\t\t<div class=\"elementor-element elementor-element-944cbe6 elementor-widget elementor-widget-text-editor\" data-id=\"944cbe6\" data-element_type=\"widget\" data-widget_type=\"text-editor.default\">\n\t\t\t\t<div class=\"elementor-widget-container\">\n\t\t\t\t\t\t\t<p style=\"color: rgb(41, 71, 57); font-size: 20px;\">Entre els nostres serveis s'inclouen la gesti\u00f3 i seguiment de c\u00e0rregues, la documentaci\u00f3 del transport, la contractaci\u00f3 i pagament de l'equip hum\u00e0 necessari, entre altres. En comptar amb&nbsp;<span style=\"font-weight: bolder;\">EXEM<\/span>, no \u00e9s necessari disposar d'un departament de log\u00edstica en la teva empresa, la qual cosa et permet estalviar temps i recursos valuosos.<\/p><p style=\"color: rgb(41, 71, 57); font-size: 20px;\">En definitiva, si busques una empresa de log\u00edstica de confian\u00e7a i eficient per a la teva empresa del sector alimentari, no dubtis a contactar amb nosaltres.<\/p><p style=\"color: rgb(41, 71, 57); font-size: 20px;\"><span style=\"font-weight: bolder;\">A EXEM ens encarreguem de la log\u00edstica de la teva empresa perqu\u00e8 puguis enfocar-te en el creixement del teu negoci i a proporcionar productes de qualitat als teus clients.<\/span><\/p>\t\t\t\t\t\t<\/div>\n\t\t\t\t<\/div>\n\t\t\t\t\t<\/div>\n\t\t<\/div>\n\t\t\t\t\t<\/div>\n\t\t<\/section>\n\t\t\t\t<div class=\"elementor-element elementor-element-8350c89 elementor-widget__width-initial elementor-absolute elementor-hidden-mobile elementor-widget elementor-widget-spacer\" data-id=\"8350c89\" data-element_type=\"widget\" data-settings=\"{&quot;_position&quot;:&quot;absolute&quot;}\" data-widget_type=\"spacer.default\">\n\t\t\t\t<div class=\"elementor-widget-container\">\n\t\t\t\t\t<div class=\"elementor-spacer\">\n\t\t\t<div class=\"elementor-spacer-inner\"><\/div>\n\t\t<\/div>\n\t\t\t\t<\/div>\n\t\t\t\t<\/div>\n\t\t\t\t\t<\/div>\n\t\t<\/div>\n\t\t\t\t<div class=\"elementor-column elementor-col-50 elementor-top-column elementor-element elementor-element-da45319\" data-id=\"da45319\" data-element_type=\"column\">\n\t\t\t<div class=\"elementor-widget-wrap elementor-element-populated\">\n\t\t\t\t\t\t<div class=\"elementor-element elementor-element-eed2756 elementor-widget elementor-widget-image\" data-id=\"eed2756\" data-element_type=\"widget\" data-widget_type=\"image.default\">\n\t\t\t\t<div class=\"elementor-widget-container\">\n\t\t\t\t\t\t\t\t\t\t\t\t\t<img decoding=\"async\" width=\"2560\" height=\"1709\" src=\"https:\/\/exem-olt.eu\/wp-content\/uploads\/2023\/08\/personas-que-trabajan-huerto-manzanas-recogiendo-frutas-colocandolas-canasta-scaled.jpg\" class=\"attachment-full size-full wp-image-1103\" alt=\"\" srcset=\"https:\/\/exem-olt.eu\/wp-content\/uploads\/2023\/08\/personas-que-trabajan-huerto-manzanas-recogiendo-frutas-colocandolas-canasta-scaled.jpg 2560w, https:\/\/exem-olt.eu\/wp-content\/uploads\/2023\/08\/personas-que-trabajan-huerto-manzanas-recogiendo-frutas-colocandolas-canasta-300x200.jpg 300w, https:\/\/exem-olt.eu\/wp-content\/uploads\/2023\/08\/personas-que-trabajan-huerto-manzanas-recogiendo-frutas-colocandolas-canasta-1024x683.jpg 1024w, https:\/\/exem-olt.eu\/wp-content\/uploads\/2023\/08\/personas-que-trabajan-huerto-manzanas-recogiendo-frutas-colocandolas-canasta-768x513.jpg 768w, https:\/\/exem-olt.eu\/wp-content\/uploads\/2023\/08\/personas-que-trabajan-huerto-manzanas-recogiendo-frutas-colocandolas-canasta-1536x1025.jpg 1536w, https:\/\/exem-olt.eu\/wp-content\/uploads\/2023\/08\/personas-que-trabajan-huerto-manzanas-recogiendo-frutas-colocandolas-canasta-2048x1367.jpg 2048w, https:\/\/exem-olt.eu\/wp-content\/uploads\/2023\/08\/personas-que-trabajan-huerto-manzanas-recogiendo-frutas-colocandolas-canasta-18x12.jpg 18w\" sizes=\"(max-width: 2560px) 100vw, 2560px\" \/>\t\t\t\t\t\t\t\t\t\t\t\t\t<\/div>\n\t\t\t\t<\/div>\n\t\t\t\t\t<\/div>\n\t\t<\/div>\n\t\t\t\t\t<\/div>\n\t\t<\/section>\n\t\t\t\t<\/div>","protected":false},"excerpt":{"rendered":"<p>EMPRESA L\u00cdDER EN EL SECTOR DE LA LOG\u00cdSTICA EXEM\u00a0es una\u00a0empresa l\u00edder\u00a0en el sector de la log\u00edstica, con una amplia presencia a nivel nacional e internacional. Nos especializamos en proporcionar soluciones integrales de\u00a0log\u00edstica para empresas del sector alimentario, con el objetivo de garantizar un servicio de calidad para nuestros clientes. Uno de nuestros principales servicios es [&hellip;]<\/p>","protected":false},"author":1,"featured_media":0,"parent":0,"menu_order":0,"comment_status":"closed","ping_status":"closed","template":"","meta":{"footnotes":""},"class_list":["post-292","page","type-page","status-publish","hentry"],"yoast_head":"<!-- This site is optimized with the Yoast SEO plugin v22.6 - https:\/\/yoast.com\/wordpress\/plugins\/seo\/ -->\n<title>Sobre nosotros - EXEM<\/title>\n<meta name=\"description\" content=\"Contamos con m\u00e1s de 30 a\u00f1os de experiencia en el sector log\u00edstico y de transporte, a nivel local como nacional.\" \/>\n<meta name=\"robots\" content=\"index, follow, max-snippet:-1, max-image-preview:large, max-video-preview:-1\" \/>\n<link rel=\"canonical\" href=\"https:\/\/exem-olt.eu\/ca\/sobre-nosotros\/\" \/>\n<meta property=\"og:locale\" content=\"ca_ES\" \/>\n<meta property=\"og:type\" content=\"article\" \/>\n<meta property=\"og:title\" content=\"Sobre nosotros - EXEM\" \/>\n<meta property=\"og:description\" content=\"Contamos con m\u00e1s de 30 a\u00f1os de experiencia en el sector log\u00edstico y de transporte, a nivel local como nacional.\" \/>\n<meta property=\"og:url\" content=\"https:\/\/exem-olt.eu\/ca\/sobre-nosotros\/\" \/>\n<meta property=\"og:site_name\" content=\"EXEM\" \/>\n<meta property=\"article:modified_time\" content=\"2024-03-13T16:58:36+00:00\" \/>\n<meta property=\"og:image\" content=\"https:\/\/exem-olt.com\/wp-content\/uploads\/2023\/07\/4-1024x1024.png\" \/>\n<meta name=\"twitter:card\" content=\"summary_large_image\" \/>\n<meta name=\"twitter:label1\" content=\"Temps estimat de lectura\" \/>\n\t<meta name=\"twitter:data1\" content=\"2 minuts\" \/>\n<script type=\"application\/ld+json\" class=\"yoast-schema-graph\">{\"@context\":\"https:\/\/schema.org\",\"@graph\":[{\"@type\":\"WebPage\",\"@id\":\"https:\/\/exem-olt.eu\/sobre-nosotros\/\",\"url\":\"https:\/\/exem-olt.eu\/sobre-nosotros\/\",\"name\":\"Sobre nosotros - EXEM\",\"isPartOf\":{\"@id\":\"https:\/\/exem-olt.eu\/#website\"},\"primaryImageOfPage\":{\"@id\":\"https:\/\/exem-olt.eu\/sobre-nosotros\/#primaryimage\"},\"image\":{\"@id\":\"https:\/\/exem-olt.eu\/sobre-nosotros\/#primaryimage\"},\"thumbnailUrl\":\"https:\/\/exem-olt.com\/wp-content\/uploads\/2023\/07\/4-1024x1024.png\",\"datePublished\":\"2023-03-31T09:45:44+00:00\",\"dateModified\":\"2024-03-13T16:58:36+00:00\",\"description\":\"Contamos con m\u00e1s de 30 a\u00f1os de experiencia en el sector log\u00edstico y de transporte, a nivel local como nacional.\",\"breadcrumb\":{\"@id\":\"https:\/\/exem-olt.eu\/sobre-nosotros\/#breadcrumb\"},\"inLanguage\":\"ca\",\"potentialAction\":[{\"@type\":\"ReadAction\",\"target\":[\"https:\/\/exem-olt.eu\/sobre-nosotros\/\"]}]},{\"@type\":\"ImageObject\",\"inLanguage\":\"ca\",\"@id\":\"https:\/\/exem-olt.eu\/sobre-nosotros\/#primaryimage\",\"url\":\"https:\/\/exem-olt.com\/wp-content\/uploads\/2023\/07\/4-1024x1024.png\",\"contentUrl\":\"https:\/\/exem-olt.com\/wp-content\/uploads\/2023\/07\/4-1024x1024.png\"},{\"@type\":\"BreadcrumbList\",\"@id\":\"https:\/\/exem-olt.eu\/sobre-nosotros\/#breadcrumb\",\"itemListElement\":[{\"@type\":\"ListItem\",\"position\":1,\"name\":\"Portada\",\"item\":\"https:\/\/exem-olt.eu\/\"},{\"@type\":\"ListItem\",\"position\":2,\"name\":\"Sobre nosotros\"}]},{\"@type\":\"WebSite\",\"@id\":\"https:\/\/exem-olt.eu\/#website\",\"url\":\"https:\/\/exem-olt.eu\/\",\"name\":\"EXEM\",\"description\":\"L\u00edder en su territorio de los operadores log\u00edstico\",\"publisher\":{\"@id\":\"https:\/\/exem-olt.eu\/#organization\"},\"potentialAction\":[{\"@type\":\"SearchAction\",\"target\":{\"@type\":\"EntryPoint\",\"urlTemplate\":\"https:\/\/exem-olt.eu\/?s={search_term_string}\"},\"query-input\":\"required name=search_term_string\"}],\"inLanguage\":\"ca\"},{\"@type\":\"Organization\",\"@id\":\"https:\/\/exem-olt.eu\/#organization\",\"name\":\"EXEM\",\"url\":\"https:\/\/exem-olt.eu\/\",\"logo\":{\"@type\":\"ImageObject\",\"inLanguage\":\"ca\",\"@id\":\"https:\/\/exem-olt.eu\/#\/schema\/logo\/image\/\",\"url\":\"https:\/\/exem-olt.eu\/wp-content\/uploads\/2023\/03\/logo-placeholder.png\",\"contentUrl\":\"https:\/\/exem-olt.eu\/wp-content\/uploads\/2023\/03\/logo-placeholder.png\",\"width\":760,\"height\":348,\"caption\":\"EXEM\"},\"image\":{\"@id\":\"https:\/\/exem-olt.eu\/#\/schema\/logo\/image\/\"}}]}<\/script>\n<!-- \/ Yoast SEO plugin. -->","yoast_head_json":{"title":"Sobre nosotros - EXEM","description":"Contamos con m\u00e1s de 30 a\u00f1os de experiencia en el sector log\u00edstico y de transporte, a nivel local como nacional.","robots":{"index":"index","follow":"follow","max-snippet":"max-snippet:-1","max-image-preview":"max-image-preview:large","max-video-preview":"max-video-preview:-1"},"canonical":"https:\/\/exem-olt.eu\/ca\/sobre-nosotros\/","og_locale":"ca_ES","og_type":"article","og_title":"Sobre nosotros - EXEM","og_description":"Contamos con m\u00e1s de 30 a\u00f1os de experiencia en el sector log\u00edstico y de transporte, a nivel local como nacional.","og_url":"https:\/\/exem-olt.eu\/ca\/sobre-nosotros\/","og_site_name":"EXEM","article_modified_time":"2024-03-13T16:58:36+00:00","og_image":[{"url":"https:\/\/exem-olt.com\/wp-content\/uploads\/2023\/07\/4-1024x1024.png"}],"twitter_card":"summary_large_image","twitter_misc":{"Temps estimat de lectura":"2 minuts"},"schema":{"@context":"https:\/\/schema.org","@graph":[{"@type":"WebPage","@id":"https:\/\/exem-olt.eu\/sobre-nosotros\/","url":"https:\/\/exem-olt.eu\/sobre-nosotros\/","name":"Sobre nosotros - EXEM","isPartOf":{"@id":"https:\/\/exem-olt.eu\/#website"},"primaryImageOfPage":{"@id":"https:\/\/exem-olt.eu\/sobre-nosotros\/#primaryimage"},"image":{"@id":"https:\/\/exem-olt.eu\/sobre-nosotros\/#primaryimage"},"thumbnailUrl":"https:\/\/exem-olt.com\/wp-content\/uploads\/2023\/07\/4-1024x1024.png","datePublished":"2023-03-31T09:45:44+00:00","dateModified":"2024-03-13T16:58:36+00:00","description":"Contamos con m\u00e1s de 30 a\u00f1os de experiencia en el sector log\u00edstico y de transporte, a nivel local como nacional.","breadcrumb":{"@id":"https:\/\/exem-olt.eu\/sobre-nosotros\/#breadcrumb"},"inLanguage":"ca","potentialAction":[{"@type":"ReadAction","target":["https:\/\/exem-olt.eu\/sobre-nosotros\/"]}]},{"@type":"ImageObject","inLanguage":"ca","@id":"https:\/\/exem-olt.eu\/sobre-nosotros\/#primaryimage","url":"https:\/\/exem-olt.com\/wp-content\/uploads\/2023\/07\/4-1024x1024.png","contentUrl":"https:\/\/exem-olt.com\/wp-content\/uploads\/2023\/07\/4-1024x1024.png"},{"@type":"BreadcrumbList","@id":"https:\/\/exem-olt.eu\/sobre-nosotros\/#breadcrumb","itemListElement":[{"@type":"ListItem","position":1,"name":"Portada","item":"https:\/\/exem-olt.eu\/"},{"@type":"ListItem","position":2,"name":"Sobre nosotros"}]},{"@type":"WebSite","@id":"https:\/\/exem-olt.eu\/#website","url":"https:\/\/exem-olt.eu\/","name":"EXEM","description":"L\u00edder en su territorio de los operadores log\u00edstico","publisher":{"@id":"https:\/\/exem-olt.eu\/#organization"},"potentialAction":[{"@type":"SearchAction","target":{"@type":"EntryPoint","urlTemplate":"https:\/\/exem-olt.eu\/?s={search_term_string}"},"query-input":"required name=search_term_string"}],"inLanguage":"ca"},{"@type":"Organization","@id":"https:\/\/exem-olt.eu\/#organization","name":"EXEM","url":"https:\/\/exem-olt.eu\/","logo":{"@type":"ImageObject","inLanguage":"ca","@id":"https:\/\/exem-olt.eu\/#\/schema\/logo\/image\/","url":"https:\/\/exem-olt.eu\/wp-content\/uploads\/2023\/03\/logo-placeholder.png","contentUrl":"https:\/\/exem-olt.eu\/wp-content\/uploads\/2023\/03\/logo-placeholder.png","width":760,"height":348,"caption":"EXEM"},"image":{"@id":"https:\/\/exem-olt.eu\/#\/schema\/logo\/image\/"}}]}},"_links":{"self":[{"href":"https:\/\/exem-olt.eu\/ca\/wp-json\/wp\/v2\/pages\/292","targetHints":{"allow":["GET"]}}],"collection":[{"href":"https:\/\/exem-olt.eu\/ca\/wp-json\/wp\/v2\/pages"}],"about":[{"href":"https:\/\/exem-olt.eu\/ca\/wp-json\/wp\/v2\/types\/page"}],"author":[{"embeddable":true,"href":"https:\/\/exem-olt.eu\/ca\/wp-json\/wp\/v2\/users\/1"}],"replies":[{"embeddable":true,"href":"https:\/\/exem-olt.eu\/ca\/wp-json\/wp\/v2\/comments?post=292"}],"version-history":[{"count":133,"href":"https:\/\/exem-olt.eu\/ca\/wp-json\/wp\/v2\/pages\/292\/revisions"}],"predecessor-version":[{"id":1734,"href":"https:\/\/exem-olt.eu\/ca\/wp-json\/wp\/v2\/pages\/292\/revisions\/1734"}],"wp:attachment":[{"href":"https:\/\/exem-olt.eu\/ca\/wp-json\/wp\/v2\/media?parent=292"}],"curies":[{"name":"wp","href":"https:\/\/api.w.org\/{rel}","templated":true}]}}